{"id":93,"date":"2025-05-29T12:10:20","date_gmt":"2025-05-29T10:10:20","guid":{"rendered":"http:\/\/wattsot.cluster021.hosting.ovh.net\/?page_id=93"},"modified":"2025-05-29T12:14:36","modified_gmt":"2025-05-29T10:14:36","slug":"telechargement","status":"publish","type":"page","link":"https:\/\/www.wattson-vente.fr\/index.php\/telechargement\/","title":{"rendered":"T\u00e9l\u00e9chargement"},"content":{"rendered":"\n<p class=\"has-vivid-purple-color has-text-color has-link-color has-large-font-size wp-elements-43e4d7eadf120d9b0241d10a7ff1a400\"><strong>WATTSON &#8211; Vente 2025<\/strong><\/p>\n\n\n\n<p><strong>Vente en cours [ Listing mis \u00e0 jour le 01 Juin 2025 ]<\/strong><\/p>\n\n\n\n<hr class=\"wp-block-separator alignwide has-alpha-channel-opacity is-style-wide\"\/>\n\n\n\n<div class=\"wp-block-group\"><div class=\"wp-block-group__inner-container is-layout-constrained wp-block-group-is-layout-constrained\">\n<div class=\"wp-block-group is-vertical is-layout-flex wp-container-core-group-is-layout-8cf370e7 wp-block-group-is-layout-flex\">\n<p class=\"has-text-align-left has-black-color has-text-color has-link-color has-medium-font-size wp-elements-b9ec0941d2543758a7dba7876423ad60\" style=\"text-transform:none\"><strong>Contact :<\/strong> Michel au 06 08 98 83 64<\/p>\n\n\n\n<p class=\"has-text-align-left has-black-color has-text-color has-link-color has-medium-font-size wp-elements-23665df03dba2d5427dde95de778ebd6\" style=\"text-transform:none\"><strong>E.Mail : <\/strong><a href=\"mailto:wattson@wanadoo.fr\" target=\"_blank\" rel=\"noreferrer noopener\">wattson@wanadoo.fr<\/a><\/p>\n<\/div>\n<\/div><\/div>\n\n\n\n<p class=\"has-black-color has-text-color has-link-color wp-elements-9ac00cf961d1ea846fe5a532228b76c6\"><\/p>\n\n\n\n<hr class=\"wp-block-separator alignwide has-alpha-channel-opacity is-style-wide\"\/>\n\n\n\n<p class=\"has-black-color has-text-color has-link-color wp-elements-9ac00cf961d1ea846fe5a532228b76c6\"><\/p>\n\n\n\n<div class=\"wp-block-group alignwide is-vertical is-content-justification-center is-layout-flex wp-container-core-group-is-layout-48c2c4f0 wp-block-group-is-layout-flex\">\n<p class=\"has-text-align-center has-medium-font-size\"><strong><mark style=\"background-color:rgba(0, 0, 0, 0);color:#790fdc\" class=\"has-inline-color\">Liste compl\u00e8te du mat\u00e9riel en Pdf :  <a href=\"http:\/\/www.wattson-vente.fr\/wattson-vente2025.pdf\" data-type=\"page\" data-id=\"93\" target=\"_blank\" rel=\"noreferrer noopener\">wattson-vente2025.pdf<\/a> <\/mark><\/strong><\/p>\n\n\n\n<p class=\"has-text-align-center has-medium-font-size\"><\/p>\n\n\n\n<p><\/p>\n<\/div>\n\n\n\n<p><\/p>\n","protected":false},"excerpt":{"rendered":"<p>WATTSON &#8211; Vente 2025 Vente en cours [ Listing mis \u00e0 jour le 01 Juin 2025 ] Contact : Michel au 06 08 98 83 64 E.Mail : wattson@wanadoo.fr Liste compl\u00e8te du mat\u00e9riel en Pdf : wattson-vente2025.pdf<\/p>\n","protected":false},"author":1,"featured_media":0,"parent":0,"menu_order":0,"comment_status":"closed","ping_status":"closed","template":"","meta":{"footnotes":""},"class_list":["post-93","page","type-page","status-publish","hentry"],"_links":{"self":[{"href":"https:\/\/www.wattson-vente.fr\/index.php\/wp-json\/wp\/v2\/pages\/93","targetHints":{"allow":["GET"]}}],"collection":[{"href":"https:\/\/www.wattson-vente.fr\/index.php\/wp-json\/wp\/v2\/pages"}],"about":[{"href":"https:\/\/www.wattson-vente.fr\/index.php\/wp-json\/wp\/v2\/types\/page"}],"author":[{"embeddable":true,"href":"https:\/\/www.wattson-vente.fr\/index.php\/wp-json\/wp\/v2\/users\/1"}],"replies":[{"embeddable":true,"href":"https:\/\/www.wattson-vente.fr\/index.php\/wp-json\/wp\/v2\/comments?post=93"}],"version-history":[{"count":4,"href":"https:\/\/www.wattson-vente.fr\/index.php\/wp-json\/wp\/v2\/pages\/93\/revisions"}],"predecessor-version":[{"id":98,"href":"https:\/\/www.wattson-vente.fr\/index.php\/wp-json\/wp\/v2\/pages\/93\/revisions\/98"}],"wp:attachment":[{"href":"https:\/\/www.wattson-vente.fr\/index.php\/wp-json\/wp\/v2\/media?parent=93"}],"curies":[{"name":"wp","href":"https:\/\/api.w.org\/{rel}","templated":true}]}}