{"id":89,"date":"2025-05-29T11:47:46","date_gmt":"2025-05-29T09:47:46","guid":{"rendered":"http:\/\/wattsot.cluster021.hosting.ovh.net\/?page_id=89"},"modified":"2025-05-30T12:05:40","modified_gmt":"2025-05-30T10:05:40","slug":"stage","status":"publish","type":"page","link":"https:\/\/www.wattson-vente.fr\/index.php\/stage\/","title":{"rendered":"Stage"},"content":{"rendered":"\n<p class=\"has-vivid-purple-color has-text-color has-link-color has-large-font-size wp-elements-43e4d7eadf120d9b0241d10a7ff1a400\"><strong>WATTSON &#8211; Vente 2025<\/strong><\/p>\n\n\n\n<p><strong>Vente en cours [ Listing mis \u00e0 jour le 01 Juin 2025 ]<\/strong><\/p>\n\n\n\n<hr class=\"wp-block-separator alignwide has-alpha-channel-opacity is-style-wide\"\/>\n\n\n\n<div class=\"wp-block-group\"><div class=\"wp-block-group__inner-container is-layout-constrained wp-block-group-is-layout-constrained\">\n<div class=\"wp-block-group is-vertical is-layout-flex wp-container-core-group-is-layout-8cf370e7 wp-block-group-is-layout-flex\">\n<p class=\"has-text-align-left has-black-color has-text-color has-link-color has-medium-font-size wp-elements-b9ec0941d2543758a7dba7876423ad60\" style=\"text-transform:none\"><strong>Contact :<\/strong> Michel au 06 08 98 83 64<\/p>\n\n\n\n<p class=\"has-text-align-left has-black-color has-text-color has-link-color has-medium-font-size wp-elements-23665df03dba2d5427dde95de778ebd6\" style=\"text-transform:none\"><strong>E.Mail : <\/strong><a href=\"mailto:wattson@wanadoo.fr\" target=\"_blank\" rel=\"noreferrer noopener\">wattson@wanadoo.fr<\/a><\/p>\n<\/div>\n<\/div><\/div>\n\n\n\n<p class=\"has-black-color has-text-color has-link-color wp-elements-9ac00cf961d1ea846fe5a532228b76c6\"><\/p>\n\n\n\n<hr class=\"wp-block-separator alignwide has-alpha-channel-opacity is-style-wide\"\/>\n\n\n\n<p class=\"has-black-color has-text-color has-link-color wp-elements-9ac00cf961d1ea846fe5a532228b76c6\"><\/p>\n\n\n\n<div class=\"wp-block-group alignwide is-vertical is-content-justification-center is-layout-flex wp-container-core-group-is-layout-48c2c4f0 wp-block-group-is-layout-flex\">\n<p class=\"has-text-align-center has-large-font-size\"><strong><mark style=\"background-color:rgba(0, 0, 0, 0);color:#790fdc\" class=\"has-inline-color\">STAGE &amp; SCENIQUE<\/mark><\/strong><\/p>\n\n\n\n<p class=\"has-text-align-center has-black-color has-text-color has-link-color has-medium-font-size wp-elements-469cefbeefeefe9560b661ffd840584a\"><strong><em>Prix n\u00e9gociables si achats multiples.<\/em><\/strong><\/p>\n<\/div>\n\n\n\n<p class=\"has-cyan-bluish-gray-color has-text-color has-link-color wp-elements-39d0116b779be30ec444692e2e8ff87a\">.<\/p>\n\n\n\n<hr class=\"wp-block-separator has-alpha-channel-opacity\"\/>\n\n\n\n<p class=\"has-text-align-center has-black-color has-text-color has-link-color has-medium-font-size wp-elements-3f9c2c5bbb0f7d51d1fd396d1ee19fa5\"><strong>INTERCOMS<\/strong><\/p>\n\n\n\n<hr class=\"wp-block-separator has-alpha-channel-opacity\"\/>\n\n\n\n<div class=\"wp-block-columns are-vertically-aligned-center is-layout-flex wp-container-core-columns-is-layout-9d6595d7 wp-block-columns-is-layout-flex\">\n<div class=\"wp-block-column is-vertically-aligned-center is-layout-flow wp-block-column-is-layout-flow\" style=\"flex-basis:100%\">\n<div class=\"wp-block-group\"><div class=\"wp-block-group__inner-container is-layout-constrained wp-block-group-is-layout-constrained\">\n<figure class=\"wp-block-table is-style-stripes\"><table><tbody><tr><td><strong><mark style=\"background-color:rgba(0, 0, 0, 0)\" class=\"has-inline-color has-vivid-purple-color\">Quantit\u00e9<\/mark><\/strong><\/td><td><strong><mark style=\"background-color:rgba(0, 0, 0, 0)\" class=\"has-inline-color has-vivid-purple-color\">D\u00e9signation<\/mark><\/strong>                              <\/td><td><strong><mark style=\"background-color:rgba(0, 0, 0, 0)\" class=\"has-inline-color has-vivid-purple-color\">Prix Unit HT<\/mark><\/strong><\/td><\/tr><tr><td>1<\/td><td>STATION<\/td><td>100,00<\/td><\/tr><tr><td>5<\/td><td>POSTE<\/td><td>60,00<\/td><\/tr><tr><td>5<\/td><td>CASQUE<\/td><td>50,00<\/td><\/tr><\/tbody><\/table><\/figure>\n<\/div><\/div>\n\n\n\n<p class=\"has-cyan-bluish-gray-color has-text-color has-link-color wp-elements-39d0116b779be30ec444692e2e8ff87a\">.<\/p>\n\n\n\n<hr class=\"wp-block-separator has-alpha-channel-opacity\"\/>\n\n\n\n<p class=\"has-text-align-center has-black-color has-text-color has-link-color has-medium-font-size wp-elements-58e577454e0e9d1e72273da840a2b700\"><strong>PENDRILLONS<\/strong><\/p>\n\n\n\n<hr class=\"wp-block-separator has-alpha-channel-opacity\"\/>\n\n\n\n<figure class=\"wp-block-table is-style-stripes\"><table><tbody><tr><td class=\"has-text-align-left\" data-align=\"left\">&nbsp;<strong><mark style=\"background-color:rgba(0, 0, 0, 0)\" class=\"has-inline-color has-vivid-purple-color\">Quantit\u00e9<\/mark><\/strong><\/td><td>&nbsp;<strong><mark style=\"background-color:rgba(0, 0, 0, 0)\" class=\"has-inline-color has-vivid-purple-color\">D\u00e9signation<\/mark><\/strong>                          <\/td><td>&nbsp;<strong><mark style=\"background-color:rgba(0, 0, 0, 0)\" class=\"has-inline-color has-vivid-purple-color\">Prix Unit HT<\/mark><\/strong><\/td><\/tr><tr><td class=\"has-text-align-left\" data-align=\"left\">4<\/td><td>SATIN 6MX3M<\/td><td>&nbsp;60,00&nbsp;&nbsp;<\/td><\/tr><tr><td class=\"has-text-align-left\" data-align=\"left\">3<\/td><td>VELOUR 6MX3M<\/td><td>&nbsp;100,00&nbsp;&nbsp;<\/td><\/tr><tr><td class=\"has-text-align-left\" data-align=\"left\">3<\/td><td>VELOUR 5MX1M<\/td><td>&nbsp;80,00&nbsp;&nbsp;<\/td><\/tr><tr><td class=\"has-text-align-left\" data-align=\"left\">4<\/td><td>VOILES<\/td><td>&nbsp;20,00&nbsp;&nbsp;<\/td><\/tr><tr><td class=\"has-text-align-left\" data-align=\"left\">6<\/td><td>CHAUSSETTE POUTRE 300 CARRE<\/td><td>&nbsp;120,00&nbsp;&nbsp;<\/td><\/tr><\/tbody><\/table><\/figure>\n<\/div>\n<\/div>\n\n\n\n<p class=\"has-cyan-bluish-gray-color has-text-color has-link-color wp-elements-74c53120f7ce13dfea8d4311655325c9\">1<\/p>\n\n\n\n<hr class=\"wp-block-separator has-alpha-channel-opacity\"\/>\n\n\n\n<p class=\"has-text-align-center has-medium-font-size\"><strong><mark style=\"background-color:rgba(0, 0, 0, 0)\" class=\"has-inline-color has-black-color\">STRUCTURE<\/mark><\/strong><\/p>\n\n\n\n<hr class=\"wp-block-separator has-alpha-channel-opacity\"\/>\n\n\n\n<figure class=\"wp-block-table is-style-stripes\"><table><tbody><tr><td>&nbsp;<strong><mark style=\"background-color:rgba(0, 0, 0, 0)\" class=\"has-inline-color has-vivid-purple-color\">Quantit\u00e9<\/mark><\/strong><\/td><td><strong><mark style=\"background-color:rgba(0, 0, 0, 0)\" class=\"has-inline-color has-vivid-purple-color\">D\u00e9signation<\/mark><\/strong>                                     <\/td><td class=\"has-text-align-left\" data-align=\"left\">&nbsp;&nbsp;<strong><mark style=\"background-color:rgba(0, 0, 0, 0)\" class=\"has-inline-color has-vivid-purple-color\">Prix Unit HT<\/mark><\/strong><\/td><\/tr><tr><td>4<\/td><td>POUTRE 400 CARRE 3M<\/td><td class=\"has-text-align-left\" data-align=\"left\">&nbsp;120,00&nbsp;&nbsp;<\/td><\/tr><tr><td>4<\/td><td>EMBASE LOURDE<\/td><td class=\"has-text-align-left\" data-align=\"left\">&nbsp;90,00&nbsp;&nbsp;<\/td><\/tr><tr><td>4<\/td><td>EMBASE LEGERE<\/td><td class=\"has-text-align-left\" data-align=\"left\">&nbsp;60,00&nbsp;&nbsp;<\/td><\/tr><tr><td>6<\/td><td>MINI EMBASE<\/td><td class=\"has-text-align-left\" data-align=\"left\">&nbsp;30,00&nbsp;&nbsp;<\/td><\/tr><\/tbody><\/table><\/figure>\n\n\n\n<p class=\"has-cyan-bluish-gray-color has-text-color has-link-color wp-elements-39d0116b779be30ec444692e2e8ff87a\">.<\/p>\n\n\n\n<hr class=\"wp-block-separator has-alpha-channel-opacity\"\/>\n\n\n\n<p class=\"has-text-align-center has-black-color has-text-color has-link-color has-medium-font-size wp-elements-9385d841b380f1304d0b02e3ecfdb7c1\"><strong>PASSAGES DE CABLES<\/strong><\/p>\n\n\n\n<hr class=\"wp-block-separator has-alpha-channel-opacity\"\/>\n\n\n\n<div class=\"wp-block-columns are-vertically-aligned-center is-layout-flex wp-container-core-columns-is-layout-9d6595d7 wp-block-columns-is-layout-flex\">\n<div class=\"wp-block-column is-vertically-aligned-center is-layout-flow wp-block-column-is-layout-flow\" style=\"flex-basis:100%\">\n<div class=\"wp-block-group\"><div class=\"wp-block-group__inner-container is-layout-constrained wp-block-group-is-layout-constrained\">\n<figure class=\"wp-block-table is-style-stripes\"><table><tbody><tr><td>\u00a0<strong><mark style=\"background-color:rgba(0, 0, 0, 0)\" class=\"has-inline-color has-vivid-purple-color\">Quantit\u00e9<\/mark><\/strong><\/td><td><strong><mark style=\"background-color:rgba(0, 0, 0, 0)\" class=\"has-inline-color has-vivid-purple-color\">D\u00e9signation<\/mark><\/strong>                                     <\/td><td class=\"has-text-align-left\" data-align=\"left\">\u00a0\u00a0\u00a0<strong><mark style=\"background-color:rgba(0, 0, 0, 0)\" class=\"has-inline-color has-vivid-purple-color\">Prix Unit HT<\/mark><\/strong><\/td><\/tr><tr><td>3<\/td><td>\u00a0?<\/td><td class=\"has-text-align-left\" data-align=\"left\">&nbsp;25,00&nbsp;&nbsp;<\/td><\/tr><tr><td>17<\/td><td>PETIT ADANOL 5 PASSAGES<\/td><td class=\"has-text-align-left\" data-align=\"left\">&nbsp;80,00&nbsp;&nbsp;<\/td><\/tr><tr><td>6<\/td><td>MINI MODELE<\/td><td class=\"has-text-align-left\" data-align=\"left\">&nbsp;20,00&nbsp;&nbsp;<\/td><\/tr><tr><td>5<\/td><td>GRAND MODELE<\/td><td class=\"has-text-align-left\" data-align=\"left\">&nbsp;120,00&nbsp;&nbsp;<\/td><\/tr><tr><td>3<\/td><td>CAPA<\/td><td class=\"has-text-align-left\" data-align=\"left\">&nbsp;120,00&nbsp;&nbsp;<\/td><\/tr><tr><td>2<\/td><td>PROTENTE NOIRE<\/td><td class=\"has-text-align-left\" data-align=\"left\">&nbsp;200,00&nbsp;&nbsp;<\/td><\/tr><\/tbody><\/table><\/figure>\n<\/div><\/div>\n\n\n\n<p class=\"has-cyan-bluish-gray-color has-text-color has-link-color wp-elements-39d0116b779be30ec444692e2e8ff87a\">.<\/p>\n\n\n\n<hr class=\"wp-block-separator has-alpha-channel-opacity\"\/>\n\n\n\n<p class=\"has-text-align-center has-black-color has-text-color has-link-color has-medium-font-size wp-elements-86667c15d74db7609476334854c94b6b\"><strong>DIVERS<\/strong> [ Tarifs &amp; pr\u00e9cisions \u00e0 venir ]<\/p>\n\n\n\n<hr class=\"wp-block-separator has-alpha-channel-opacity\"\/>\n<\/div>\n<\/div>\n\n\n\n<figure class=\"wp-block-table is-style-stripes\"><table><tbody><tr><td><strong><mark style=\"background-color:rgba(0, 0, 0, 0)\" class=\"has-inline-color has-vivid-purple-color\">Quantit\u00e9 <\/mark><\/strong><\/td><td><strong><mark style=\"background-color:rgba(0, 0, 0, 0)\" class=\"has-inline-color has-vivid-purple-color\">D\u00e9signation<\/mark><\/strong>                                     <\/td><td class=\"has-text-align-left\" data-align=\"left\"><strong><mark style=\"background-color:rgba(0, 0, 0, 0)\" class=\"has-inline-color has-vivid-purple-color\">Prix Unit HT<\/mark><\/strong><\/td><\/tr><tr><td>&nbsp;<\/td><td>FLYGTCASES<\/td><td class=\"has-text-align-left\" data-align=\"left\">&nbsp;<\/td><\/tr><tr><td>&nbsp;<\/td><td>LAMPES<\/td><td class=\"has-text-align-left\" data-align=\"left\">&nbsp;<\/td><\/tr><tr><td>&nbsp;<\/td><td>GELATINES<\/td><td class=\"has-text-align-left\" data-align=\"left\">&nbsp;<\/td><\/tr><tr><td>&nbsp;<\/td><td>ACCESSOIRES SON\/LUMIERE<\/td><td class=\"has-text-align-left\" data-align=\"left\">&nbsp;<\/td><\/tr><tr><td>&nbsp;<\/td><td>ACCESSOIRES STRUCTURE\/ELECTRICITE<\/td><td class=\"has-text-align-left\" data-align=\"left\">&nbsp;<\/td><\/tr><tr><td>&nbsp;<\/td><td>PANIERES POUR PROLONGATEURS<\/td><td class=\"has-text-align-left\" data-align=\"left\">&nbsp;<\/td><\/tr><tr><td>&nbsp;<\/td><td>PANIERES POUR PROJECTEURS<\/td><td class=\"has-text-align-left\" data-align=\"left\">&nbsp;<\/td><\/tr><tr><td>&nbsp;<\/td><td>ECRAN DE PROJECTION<\/td><td class=\"has-text-align-left\" data-align=\"left\">&nbsp;<\/td><\/tr><\/tbody><\/table><\/figure>\n\n\n\n<p>1<\/p>\n","protected":false},"excerpt":{"rendered":"<p>WATTSON &#8211; Vente 2025 Vente en cours [ Listing mis \u00e0 jour le 01 Juin 2025 ] Contact : Michel au 06 08 98 83 64 E.Mail : wattson@wanadoo.fr STAGE &amp; SCENIQUE Prix n\u00e9gociables si achats multiples. . INTERCOMS Quantit\u00e9 D\u00e9signation Prix Unit HT 1 STATION 100,00 5 POSTE 60,00 5 CASQUE 50,00 . PENDRILLONS [&hellip;]<\/p>\n","protected":false},"author":1,"featured_media":0,"parent":0,"menu_order":0,"comment_status":"closed","ping_status":"closed","template":"","meta":{"footnotes":""},"class_list":["post-89","page","type-page","status-publish","hentry"],"_links":{"self":[{"href":"https:\/\/www.wattson-vente.fr\/index.php\/wp-json\/wp\/v2\/pages\/89","targetHints":{"allow":["GET"]}}],"collection":[{"href":"https:\/\/www.wattson-vente.fr\/index.php\/wp-json\/wp\/v2\/pages"}],"about":[{"href":"https:\/\/www.wattson-vente.fr\/index.php\/wp-json\/wp\/v2\/types\/page"}],"author":[{"embeddable":true,"href":"https:\/\/www.wattson-vente.fr\/index.php\/wp-json\/wp\/v2\/users\/1"}],"replies":[{"embeddable":true,"href":"https:\/\/www.wattson-vente.fr\/index.php\/wp-json\/wp\/v2\/comments?post=89"}],"version-history":[{"count":7,"href":"https:\/\/www.wattson-vente.fr\/index.php\/wp-json\/wp\/v2\/pages\/89\/revisions"}],"predecessor-version":[{"id":140,"href":"https:\/\/www.wattson-vente.fr\/index.php\/wp-json\/wp\/v2\/pages\/89\/revisions\/140"}],"wp:attachment":[{"href":"https:\/\/www.wattson-vente.fr\/index.php\/wp-json\/wp\/v2\/media?parent=89"}],"curies":[{"name":"wp","href":"https:\/\/api.w.org\/{rel}","templated":true}]}}