{"id":84,"date":"2025-05-29T11:45:03","date_gmt":"2025-05-29T09:45:03","guid":{"rendered":"http:\/\/wattsot.cluster021.hosting.ovh.net\/?page_id=84"},"modified":"2025-05-30T11:41:11","modified_gmt":"2025-05-30T09:41:11","slug":"son","status":"publish","type":"page","link":"https:\/\/www.wattson-vente.fr\/index.php\/son\/","title":{"rendered":"Son"},"content":{"rendered":"\n<p class=\"has-vivid-purple-color has-text-color has-link-color has-large-font-size wp-elements-43e4d7eadf120d9b0241d10a7ff1a400\"><strong>WATTSON &#8211; Vente 2025<\/strong><\/p>\n\n\n\n<p><strong>Vente en cours [ Listing mis \u00e0 jour le 01 Juin 2025 ]<\/strong><\/p>\n\n\n\n<hr class=\"wp-block-separator alignwide has-alpha-channel-opacity is-style-wide\"\/>\n\n\n\n<div class=\"wp-block-group\"><div class=\"wp-block-group__inner-container is-layout-constrained wp-block-group-is-layout-constrained\">\n<div class=\"wp-block-group is-vertical is-layout-flex wp-container-core-group-is-layout-8cf370e7 wp-block-group-is-layout-flex\">\n<p class=\"has-text-align-left has-black-color has-text-color has-link-color has-medium-font-size wp-elements-b9ec0941d2543758a7dba7876423ad60\" style=\"text-transform:none\"><strong>Contact :<\/strong> Michel au 06 08 98 83 64<\/p>\n\n\n\n<p class=\"has-text-align-left has-black-color has-text-color has-link-color has-medium-font-size wp-elements-23665df03dba2d5427dde95de778ebd6\" style=\"text-transform:none\"><strong>E.Mail : <\/strong><a href=\"mailto:wattson@wanadoo.fr\" target=\"_blank\" rel=\"noreferrer noopener\">wattson@wanadoo.fr<\/a><\/p>\n<\/div>\n<\/div><\/div>\n\n\n\n<p class=\"has-black-color has-text-color has-link-color wp-elements-9ac00cf961d1ea846fe5a532228b76c6\"><\/p>\n\n\n\n<hr class=\"wp-block-separator alignwide has-alpha-channel-opacity is-style-wide\"\/>\n\n\n\n<p class=\"has-black-color has-text-color has-link-color wp-elements-9ac00cf961d1ea846fe5a532228b76c6\"><\/p>\n\n\n\n<div class=\"wp-block-group alignwide is-vertical is-content-justification-center is-layout-flex wp-container-core-group-is-layout-48c2c4f0 wp-block-group-is-layout-flex\">\n<p class=\"has-text-align-center has-large-font-size\"><strong><mark style=\"background-color:rgba(0, 0, 0, 0);color:#790fdc\" class=\"has-inline-color\">SON<\/mark><\/strong><\/p>\n\n\n\n<p class=\"has-text-align-center has-black-color has-text-color has-link-color has-medium-font-size wp-elements-469cefbeefeefe9560b661ffd840584a\"><strong><em>Prix n\u00e9gociables si achats multiples.<\/em><\/strong><\/p>\n<\/div>\n\n\n\n<p class=\"has-cyan-bluish-gray-color has-text-color has-link-color wp-elements-39d0116b779be30ec444692e2e8ff87a\">.<\/p>\n\n\n\n<hr class=\"wp-block-separator has-alpha-channel-opacity\"\/>\n\n\n\n<p class=\"has-text-align-center has-black-color has-text-color has-link-color has-medium-font-size wp-elements-fe54911d353bf6eb217e3ef75a677836\"><strong>EFFETS<\/strong><\/p>\n\n\n\n<hr class=\"wp-block-separator has-alpha-channel-opacity\"\/>\n\n\n\n<figure class=\"wp-block-table is-style-stripes\"><table><tbody><tr><td class=\"has-text-align-left\" data-align=\"left\"><strong><mark style=\"background-color:rgba(0, 0, 0, 0)\" class=\"has-inline-color has-vivid-purple-color\">Quantit\u00e9<\/mark><\/strong><\/td><td><strong><mark style=\"background-color:rgba(0, 0, 0, 0)\" class=\"has-inline-color has-vivid-purple-color\">D\u00e9signation<\/mark><\/strong>                           <\/td><td><mark style=\"background-color:rgba(0, 0, 0, 0)\" class=\"has-inline-color has-vivid-purple-color\"><strong>Prix Unit HT<\/strong><\/mark><\/td><\/tr><tr><td class=\"has-text-align-left\" data-align=\"left\">1<\/td><td>M 3000<\/td><td>300,00<\/td><\/tr><tr><td class=\"has-text-align-left\" data-align=\"left\">1<\/td><td>PCM 96<\/td><td>1 000,00<\/td><\/tr><tr><td class=\"has-text-align-left\" data-align=\"left\">1<\/td><td>DI RACK PALMER<\/td><td>120,00<\/td><\/tr><\/tbody><\/table><\/figure>\n\n\n\n<div class=\"wp-block-columns are-vertically-aligned-center is-layout-flex wp-container-core-columns-is-layout-9d6595d7 wp-block-columns-is-layout-flex\">\n<div class=\"wp-block-column is-vertically-aligned-center is-layout-flow wp-block-column-is-layout-flow\" style=\"flex-basis:100%\">\n<p class=\"has-cyan-bluish-gray-color has-text-color has-link-color wp-elements-39d0116b779be30ec444692e2e8ff87a\">.<\/p>\n\n\n\n<hr class=\"wp-block-separator has-alpha-channel-opacity\"\/>\n\n\n\n<p class=\"has-text-align-center has-black-color has-text-color has-link-color has-medium-font-size wp-elements-29b71f9641ec0dec0a77e3c2b96acf74\"><strong>BOITIERS de DIRECT<\/strong><\/p>\n\n\n\n<hr class=\"wp-block-separator has-alpha-channel-opacity\"\/>\n\n\n\n<figure class=\"wp-block-table is-style-stripes\"><table><tbody><tr><td>&nbsp;<strong><mark style=\"background-color:rgba(0, 0, 0, 0)\" class=\"has-inline-color has-vivid-purple-color\">Quantit\u00e9<\/mark><\/strong><\/td><td><strong><mark style=\"background-color:rgba(0, 0, 0, 0)\" class=\"has-inline-color has-vivid-purple-color\">D\u00e9signation<\/mark><\/strong>                          <\/td><td><strong><mark style=\"background-color:rgba(0, 0, 0, 0)\" class=\"has-inline-color has-vivid-purple-color\">&nbsp;Prix Unit HT<\/mark><\/strong><\/td><\/tr><tr><td>12<\/td><td>DI BSS AR 133 ACTIF<\/td><td>60,00<\/td><\/tr><tr><td>5<\/td><td>DI KLARK TECHNICS ACTIF<\/td><td>60,00<\/td><\/tr><tr><td>1<\/td><td>DI DOUBLE RADIAL<\/td><td>200,00<\/td><\/tr><tr><td>3<\/td><td>DI RADIAL JD 48<\/td><td>150,00<\/td><\/tr><\/tbody><\/table><\/figure>\n<\/div>\n<\/div>\n\n\n\n<p class=\"has-cyan-bluish-gray-color has-text-color has-link-color wp-elements-74c53120f7ce13dfea8d4311655325c9\">1<\/p>\n\n\n\n<hr class=\"wp-block-separator has-alpha-channel-opacity\"\/>\n\n\n\n<p class=\"has-text-align-center has-medium-font-size\"><strong><mark style=\"background-color:rgba(0, 0, 0, 0)\" class=\"has-inline-color has-black-color\">MICROPHONES<\/mark><\/strong><\/p>\n\n\n\n<hr class=\"wp-block-separator has-alpha-channel-opacity\"\/>\n\n\n\n<figure class=\"wp-block-table is-style-stripes\"><table><tbody><tr><td class=\"has-text-align-left\" data-align=\"left\"><strong><mark style=\"background-color:rgba(0, 0, 0, 0)\" class=\"has-inline-color has-vivid-purple-color\">Quantit\u00e9<\/mark><\/strong><\/td><td><strong><mark style=\"background-color:rgba(0, 0, 0, 0)\" class=\"has-inline-color has-vivid-purple-color\">D\u00e9signation<\/mark><\/strong>                       <\/td><td><strong><mark style=\"background-color:rgba(0, 0, 0, 0)\" class=\"has-inline-color has-vivid-purple-color\">Prix Unit HT<\/mark><\/strong><\/td><\/tr><tr><td class=\"has-text-align-left\" data-align=\"left\">2<\/td><td>BEYER&nbsp;&nbsp;&nbsp;&nbsp;&nbsp;&nbsp;&nbsp;&nbsp;&nbsp;&nbsp;&nbsp;&nbsp; M 88 TG<\/td><td>180,00<\/td><\/tr><tr><td class=\"has-text-align-left\" data-align=\"left\">20<\/td><td>SHURE&nbsp;&nbsp;&nbsp;&nbsp;&nbsp;&nbsp;&nbsp;&nbsp;&nbsp;&nbsp;&nbsp;&nbsp;&nbsp;&nbsp; SM 58<\/td><td>60,00<\/td><\/tr><tr><td class=\"has-text-align-left\" data-align=\"left\">2<\/td><td>SM 86<\/td><td>120,00<\/td><\/tr><tr><td class=\"has-text-align-left\" data-align=\"left\">14<\/td><td>SM 57<\/td><td>60,00<\/td><\/tr><tr><td class=\"has-text-align-left\" data-align=\"left\">4<\/td><td>SM 81<\/td><td>210,00<\/td><\/tr><tr><td class=\"has-text-align-left\" data-align=\"left\">3<\/td><td>BETA 57 A<\/td><td>80,00<\/td><\/tr><tr><td class=\"has-text-align-left\" data-align=\"left\">4<\/td><td>BETA 58 A<\/td><td>90,00<\/td><\/tr><tr><td class=\"has-text-align-left\" data-align=\"left\">2<\/td><td>BETA 52<\/td><td>120,00<\/td><\/tr><tr><td class=\"has-text-align-left\" data-align=\"left\">1<\/td><td>SM 91<\/td><td>120,00<\/td><\/tr><tr><td class=\"has-text-align-left\" data-align=\"left\">2<\/td><td>BETA 91<\/td><td>120,00<\/td><\/tr><tr><td class=\"has-text-align-left\" data-align=\"left\">3<\/td><td>BETA 98 SUPPORT TOM<\/td><td>190,00<\/td><\/tr><tr><td class=\"has-text-align-left\" data-align=\"left\">2<\/td><td>BETA 98 PINCE<\/td><td>150,00<\/td><\/tr><tr><td class=\"has-text-align-left\" data-align=\"left\">1<\/td><td>BETA 56<\/td><td>100,00<\/td><\/tr><tr><td class=\"has-text-align-left\" data-align=\"left\">3<\/td><td>PG 58<\/td><td>50,00<\/td><\/tr><tr><td class=\"has-text-align-left\" data-align=\"left\">4<\/td><td>SENNHEISER&nbsp;&nbsp;&nbsp;&nbsp;&nbsp; E 604<\/td><td>90,00<\/td><\/tr><tr><td class=\"has-text-align-left\" data-align=\"left\">1<\/td><td>606<\/td><td>80,00<\/td><\/tr><tr><td class=\"has-text-align-left\" data-align=\"left\">2<\/td><td>509<\/td><td>130,00<\/td><\/tr><tr><td class=\"has-text-align-left\" data-align=\"left\">1<\/td><td>906<\/td><td>120,00<\/td><\/tr><tr><td class=\"has-text-align-left\" data-align=\"left\">5<\/td><td>904<\/td><td>90,00<\/td><\/tr><tr><td class=\"has-text-align-left\" data-align=\"left\">2<\/td><td>BF 421<\/td><td>190,00<\/td><\/tr><tr><td class=\"has-text-align-left\" data-align=\"left\">4<\/td><td>BF 521<\/td><td>150,00<\/td><\/tr><tr><td class=\"has-text-align-left\" data-align=\"left\">6<\/td><td>NEUMANN&nbsp;&nbsp;&nbsp;&nbsp;&nbsp;&nbsp;&nbsp;&nbsp; KM 184<\/td><td>700,00<\/td><\/tr><tr><td class=\"has-text-align-left\" data-align=\"left\">4<\/td><td>AKG&nbsp;&nbsp;&nbsp;&nbsp;&nbsp;&nbsp;&nbsp;&nbsp;&nbsp;&nbsp;&nbsp;&nbsp;&nbsp;&nbsp;&nbsp;&nbsp;&nbsp;&nbsp;&nbsp;&nbsp; 535<\/td><td>200,00<\/td><\/tr><tr><td class=\"has-text-align-left\" data-align=\"left\">2<\/td><td>DPA&nbsp;&nbsp;&nbsp;&nbsp;&nbsp;&nbsp;&nbsp;&nbsp;&nbsp;&nbsp;&nbsp;&nbsp;&nbsp;&nbsp;&nbsp;&nbsp;&nbsp;&nbsp;&nbsp;&nbsp; 4066<\/td><td>400,00<\/td><\/tr><tr><td class=\"has-text-align-left\" data-align=\"left\">2<\/td><td>SUPERLUX<\/td><td>50,00<\/td><\/tr><\/tbody><\/table><\/figure>\n\n\n\n<hr class=\"wp-block-separator has-alpha-channel-opacity\"\/>\n\n\n\n<p class=\"has-text-align-center has-black-color has-text-color has-link-color has-medium-font-size wp-elements-b59f0340b9582e6cc3bafff808a6a442\"><strong>D&amp;B<\/strong><\/p>\n\n\n\n<hr class=\"wp-block-separator has-alpha-channel-opacity\"\/>\n\n\n\n<figure class=\"wp-block-table is-style-stripes\"><table><tbody><tr><td class=\"has-text-align-left\" data-align=\"left\"><strong><mark style=\"background-color:rgba(0, 0, 0, 0)\" class=\"has-inline-color has-vivid-purple-color\">Quantit\u00e9<\/mark><\/strong><\/td><td><strong><mark style=\"background-color:rgba(0, 0, 0, 0)\" class=\"has-inline-color has-vivid-purple-color\">D\u00e9signation<\/mark><\/strong>                         <\/td><td><mark style=\"background-color:rgba(0, 0, 0, 0)\" class=\"has-inline-color has-vivid-purple-color\"><strong>Prix Unit HT<\/strong><\/mark><\/td><\/tr><tr><td class=\"has-text-align-left\" data-align=\"left\">14<\/td><td>MAX 15<\/td><td>1 100,00<\/td><\/tr><tr><td class=\"has-text-align-left\" data-align=\"left\">10<\/td><td>D 12<\/td><td>1 800,00<\/td><\/tr><\/tbody><\/table><\/figure>\n\n\n\n<div class=\"wp-block-columns are-vertically-aligned-center is-layout-flex wp-container-core-columns-is-layout-9d6595d7 wp-block-columns-is-layout-flex\">\n<div class=\"wp-block-column is-vertically-aligned-center is-layout-flow wp-block-column-is-layout-flow\" style=\"flex-basis:100%\">\n<p class=\"has-cyan-bluish-gray-color has-text-color has-link-color wp-elements-39d0116b779be30ec444692e2e8ff87a\">.<\/p>\n\n\n\n<hr class=\"wp-block-separator has-alpha-channel-opacity\"\/>\n\n\n\n<p class=\"has-text-align-center has-black-color has-text-color has-link-color has-medium-font-size wp-elements-24b230b52f19b00b4421ddb99a3ba5ed\"><strong>ENCEINTES<\/strong><\/p>\n\n\n\n<hr class=\"wp-block-separator has-alpha-channel-opacity\"\/>\n\n\n\n<figure class=\"wp-block-table is-style-stripes\"><table><tbody><tr><td class=\"has-text-align-left\" data-align=\"left\">&nbsp;<strong><mark style=\"background-color:rgba(0, 0, 0, 0)\" class=\"has-inline-color has-vivid-purple-color\">Quantit\u00e9<\/mark><\/strong><\/td><td><strong><mark style=\"background-color:rgba(0, 0, 0, 0)\" class=\"has-inline-color has-vivid-purple-color\">D\u00e9signation<\/mark><\/strong>                          <\/td><td><strong><mark style=\"background-color:rgba(0, 0, 0, 0)\" class=\"has-inline-color has-vivid-purple-color\">&nbsp;Prix Unit HT<\/mark><\/strong><\/td><\/tr><tr><td class=\"has-text-align-left\" data-align=\"left\">2<\/td><td>AMADEUS MPB 200R<\/td><td>300,00<\/td><\/tr><\/tbody><\/table><\/figure>\n<\/div>\n<\/div>\n\n\n\n<p class=\"has-cyan-bluish-gray-color has-text-color has-link-color wp-elements-74c53120f7ce13dfea8d4311655325c9\">1<\/p>\n\n\n\n<hr class=\"wp-block-separator has-alpha-channel-opacity\"\/>\n\n\n\n<p class=\"has-text-align-center has-medium-font-size\"><strong><mark style=\"background-color:rgba(0, 0, 0, 0)\" class=\"has-inline-color has-black-color\">AMPLI<\/mark><\/strong><\/p>\n\n\n\n<hr class=\"wp-block-separator has-alpha-channel-opacity\"\/>\n\n\n\n<figure class=\"wp-block-table is-style-stripes\"><table><tbody><tr><td><strong><mark style=\"background-color:rgba(0, 0, 0, 0)\" class=\"has-inline-color has-vivid-purple-color\">Quantit\u00e9<\/mark><\/strong><\/td><td><strong><mark style=\"background-color:rgba(0, 0, 0, 0)\" class=\"has-inline-color has-vivid-purple-color\">D\u00e9signation<\/mark><\/strong>                         <\/td><td><strong><mark style=\"background-color:rgba(0, 0, 0, 0)\" class=\"has-inline-color has-vivid-purple-color\">Prix Unit HT<\/mark><\/strong><\/td><\/tr><tr><td>7<\/td><td>LAB 1600<\/td><td>550,00<\/td><\/tr><\/tbody><\/table><\/figure>\n\n\n\n<div class=\"wp-block-group alignwide is-vertical is-content-justification-center is-layout-flex wp-container-core-group-is-layout-48c2c4f0 wp-block-group-is-layout-flex\">\n<p class=\"has-text-align-center has-black-color has-text-color has-link-color has-medium-font-size wp-elements-4b2225fb737fef7c3932b96bd3a62691\"><\/p>\n\n\n\n<p class=\"has-cyan-bluish-gray-color has-text-color has-link-color wp-elements-39d0116b779be30ec444692e2e8ff87a\">.<\/p>\n<\/div>\n\n\n\n<hr class=\"wp-block-separator has-alpha-channel-opacity\"\/>\n\n\n\n<p class=\"has-text-align-center has-black-color has-text-color has-link-color has-medium-font-size wp-elements-c11ebe74a1896ba6ef05ce02a53c6795\"><strong>PIEDS DE MICROS<\/strong><\/p>\n\n\n\n<hr class=\"wp-block-separator has-alpha-channel-opacity\"\/>\n\n\n\n<figure class=\"wp-block-table is-style-stripes\"><table><tbody><tr><td><strong><mark style=\"background-color:rgba(0, 0, 0, 0)\" class=\"has-inline-color has-vivid-purple-color\">Quantit\u00e9<\/mark><\/strong><\/td><td><strong><mark style=\"background-color:rgba(0, 0, 0, 0)\" class=\"has-inline-color has-vivid-purple-color\">D\u00e9signation<\/mark><\/strong>                               <\/td><td><strong><mark style=\"background-color:rgba(0, 0, 0, 0)\" class=\"has-inline-color has-vivid-purple-color\">Prix Unit HT<\/mark><\/strong><\/td><\/tr><tr><td>34<\/td><td>GRAND<\/td><td>35,00<\/td><\/tr><tr><td>10<\/td><td>PETIT<\/td><td>35,00<\/td><\/tr><tr><td>3<\/td><td>PETIT EMBASE<\/td><td>35,00<\/td><\/tr><\/tbody><\/table><\/figure>\n\n\n\n<div class=\"wp-block-columns are-vertically-aligned-center is-layout-flex wp-container-core-columns-is-layout-9d6595d7 wp-block-columns-is-layout-flex\">\n<div class=\"wp-block-column is-vertically-aligned-center is-layout-flow wp-block-column-is-layout-flow\" style=\"flex-basis:100%\">\n<p class=\"has-cyan-bluish-gray-color has-text-color has-link-color wp-elements-39d0116b779be30ec444692e2e8ff87a\">.<\/p>\n\n\n\n<hr class=\"wp-block-separator has-alpha-channel-opacity\"\/>\n\n\n\n<p class=\"has-text-align-center has-black-color has-text-color has-link-color has-medium-font-size wp-elements-3d068ad5f1063bfa0b67be303251a27e\"><strong>CABLAGE MICROS<\/strong><\/p>\n\n\n\n<hr class=\"wp-block-separator has-alpha-channel-opacity\"\/>\n<\/div>\n<\/div>\n\n\n\n<figure class=\"wp-block-table is-style-stripes\"><table><tbody><tr><td class=\"has-text-align-left\" data-align=\"left\"><strong><mark style=\"background-color:rgba(0, 0, 0, 0)\" class=\"has-inline-color has-vivid-purple-color\">Quantit\u00e9<\/mark><\/strong><\/td><td><strong><mark style=\"background-color:rgba(0, 0, 0, 0)\" class=\"has-inline-color has-vivid-purple-color\">D\u00e9signation<\/mark><\/strong> <\/td><td><mark style=\"background-color: rgba(0, 0, 0, 0);\" class=\"has-inline-color has-vivid-purple-color\"><strong>P<b>rix Unit HT<\/b><\/strong><\/mark><\/td><\/tr><tr><td class=\"has-text-align-left\" data-align=\"left\">46<\/td><td>CABLE MICRO&nbsp;&nbsp;&nbsp;&nbsp;&nbsp; 3 M<\/td><td>8,00<\/td><\/tr><tr><td class=\"has-text-align-left\" data-align=\"left\">57<\/td><td>5 M<\/td><td>9,00<\/td><\/tr><tr><td class=\"has-text-align-left\" data-align=\"left\">44<\/td><td>10 M<\/td><td>10,50<\/td><\/tr><tr><td class=\"has-text-align-left\" data-align=\"left\">6<\/td><td>15 M<\/td><td>11,75<\/td><\/tr><tr><td class=\"has-text-align-left\" data-align=\"left\">2<\/td><td>20 M<\/td><td>12,75<\/td><\/tr><tr><td class=\"has-text-align-left\" data-align=\"left\">3<\/td><td>30 M<\/td><td>15,75<\/td><\/tr><tr><td class=\"has-text-align-left\" data-align=\"left\">1<\/td><td>50 M<\/td><td>20,00<\/td><\/tr><tr><td class=\"has-text-align-left\" data-align=\"left\">4<\/td><td>JACK&nbsp;&nbsp;&nbsp;&nbsp;&nbsp;&nbsp;&nbsp;&nbsp;&nbsp;&nbsp;&nbsp;&nbsp;&nbsp;&nbsp;&nbsp;&nbsp;&nbsp; 1,5 M<\/td><td>6,00<\/td><\/tr><tr><td class=\"has-text-align-left\" data-align=\"left\">4<\/td><td>5 M<\/td><td>8,00<\/td><\/tr><tr><td class=\"has-text-align-left\" data-align=\"left\">1<\/td><td>2 PAIRES&nbsp;&nbsp;&nbsp;&nbsp;&nbsp;&nbsp;&nbsp;&nbsp;&nbsp;&nbsp;&nbsp; 10 M<\/td><td>25,00<\/td><\/tr><tr><td class=\"has-text-align-left\" data-align=\"left\">1<\/td><td>50 M<\/td><td>60,00<\/td><\/tr><tr><td class=\"has-text-align-left\" data-align=\"left\">6<\/td><td>4 PAIRES&nbsp;&nbsp;&nbsp;&nbsp;&nbsp;&nbsp;&nbsp;&nbsp;&nbsp;&nbsp;&nbsp;&nbsp; 5 M<\/td><td>44,00<\/td><\/tr><tr><td class=\"has-text-align-left\" data-align=\"left\">2<\/td><td>10 M<\/td><td>50,00<\/td><\/tr><tr><td class=\"has-text-align-left\" data-align=\"left\">1<\/td><td>20 M<\/td><td>60,00<\/td><\/tr><tr><td class=\"has-text-align-left\" data-align=\"left\">1<\/td><td>8 PAIRES&nbsp;&nbsp;&nbsp;&nbsp;&nbsp;&nbsp;&nbsp;&nbsp;&nbsp;&nbsp;&nbsp;&nbsp; 15 M<\/td><td>100,00<\/td><\/tr><tr><td class=\"has-text-align-left\" data-align=\"left\">1<\/td><td>16 PAIRES&nbsp;&nbsp;&nbsp;&nbsp;&nbsp;&nbsp;&nbsp;&nbsp;&nbsp;&nbsp; 20 M<\/td><td>200,00<\/td><\/tr><tr><td class=\"has-text-align-left\" data-align=\"left\">1<\/td><td>32 PAIRES&nbsp;&nbsp;&nbsp;&nbsp;&nbsp;&nbsp;&nbsp;&nbsp;&nbsp;&nbsp;&nbsp; 2 M<\/td><td>200,00<\/td><\/tr><tr><td class=\"has-text-align-left\" data-align=\"left\">1<\/td><td>5 M<\/td><td>240,00<\/td><\/tr><tr><td class=\"has-text-align-left\" data-align=\"left\">1<\/td><td>8 M<\/td><td>280,00<\/td><\/tr><tr><td class=\"has-text-align-left\" data-align=\"left\">1<\/td><td>13 M<\/td><td>300,00<\/td><\/tr><tr><td class=\"has-text-align-left\" data-align=\"left\">1<\/td><td>27 M<\/td><td>360,00<\/td><\/tr><tr><td class=\"has-text-align-left\" data-align=\"left\">1<\/td><td>PATCH 32 \/ 8<\/td><td>330,00<\/td><\/tr><tr><td class=\"has-text-align-left\" data-align=\"left\">2<\/td><td>SOUS PATCH 32 \/ 8<\/td><td>280,00<\/td><\/tr><tr><td class=\"has-text-align-left\" data-align=\"left\">1<\/td><td>12 PAIRES ECLATE \/ BOITIER \/ 50 M<\/td><td>300,00<\/td><\/tr><\/tbody><\/table><\/figure>\n\n\n\n<p class=\"has-cyan-bluish-gray-color has-text-color has-link-color wp-elements-74c53120f7ce13dfea8d4311655325c9\">1<\/p>\n\n\n\n<hr class=\"wp-block-separator has-alpha-channel-opacity\"\/>\n\n\n\n<p class=\"has-text-align-center has-medium-font-size\"><strong><mark style=\"background-color:rgba(0, 0, 0, 0)\" class=\"has-inline-color has-black-color\">CABLAGE SPEAKON<\/mark><\/strong><\/p>\n\n\n\n<hr class=\"wp-block-separator has-alpha-channel-opacity\"\/>\n\n\n\n<figure class=\"wp-block-table is-style-stripes\"><table><tbody><tr><td><strong><mark style=\"background-color:rgba(0, 0, 0, 0)\" class=\"has-inline-color has-vivid-purple-color\">Quantit\u00e9<\/mark><\/strong><\/td><td><strong><mark style=\"background-color:rgba(0, 0, 0, 0)\" class=\"has-inline-color has-vivid-purple-color\">D\u00e9signation<\/mark><\/strong>                                    <\/td><td><mark style=\"background-color: rgba(0, 0, 0, 0);\" class=\"has-inline-color has-vivid-purple-color\"><strong>P<b>rix Unit HT<\/b><\/strong><\/mark><\/td><\/tr><tr><td>2<\/td><td>1,5 M<\/td><td>7,50<\/td><\/tr><tr><td>4<\/td><td>3 M<\/td><td>9,00<\/td><\/tr><tr><td>3<\/td><td>5 M<\/td><td>9,50<\/td><\/tr><tr><td>20<\/td><td>10 M<\/td><td>12,00<\/td><\/tr><tr><td>2<\/td><td>15 M<\/td><td>15,00<\/td><\/tr><tr><td>4<\/td><td>20 M<\/td><td>20,00<\/td><\/tr><tr><td>1<\/td><td>40 M<\/td><td>40,00<\/td><\/tr><\/tbody><\/table><\/figure>\n","protected":false},"excerpt":{"rendered":"<p>WATTSON &#8211; Vente 2025 Vente en cours [ Listing mis \u00e0 jour le 01 Juin 2025 ] Contact : Michel au 06 08 98 83 64 E.Mail : wattson@wanadoo.fr SON Prix n\u00e9gociables si achats multiples. . EFFETS Quantit\u00e9 D\u00e9signation Prix Unit HT 1 M 3000 300,00 1 PCM 96 1 000,00 1 DI RACK PALMER [&hellip;]<\/p>\n","protected":false},"author":1,"featured_media":0,"parent":0,"menu_order":0,"comment_status":"closed","ping_status":"closed","template":"","meta":{"footnotes":""},"class_list":["post-84","page","type-page","status-publish","hentry"],"_links":{"self":[{"href":"https:\/\/www.wattson-vente.fr\/index.php\/wp-json\/wp\/v2\/pages\/84","targetHints":{"allow":["GET"]}}],"collection":[{"href":"https:\/\/www.wattson-vente.fr\/index.php\/wp-json\/wp\/v2\/pages"}],"about":[{"href":"https:\/\/www.wattson-vente.fr\/index.php\/wp-json\/wp\/v2\/types\/page"}],"author":[{"embeddable":true,"href":"https:\/\/www.wattson-vente.fr\/index.php\/wp-json\/wp\/v2\/users\/1"}],"replies":[{"embeddable":true,"href":"https:\/\/www.wattson-vente.fr\/index.php\/wp-json\/wp\/v2\/comments?post=84"}],"version-history":[{"count":9,"href":"https:\/\/www.wattson-vente.fr\/index.php\/wp-json\/wp\/v2\/pages\/84\/revisions"}],"predecessor-version":[{"id":133,"href":"https:\/\/www.wattson-vente.fr\/index.php\/wp-json\/wp\/v2\/pages\/84\/revisions\/133"}],"wp:attachment":[{"href":"https:\/\/www.wattson-vente.fr\/index.php\/wp-json\/wp\/v2\/media?parent=84"}],"curies":[{"name":"wp","href":"https:\/\/api.w.org\/{rel}","templated":true}]}}